{"id":27,"date":"2022-11-21T22:24:29","date_gmt":"2022-11-21T22:24:29","guid":{"rendered":"https:\/\/hosting.bluegrow.es\/recurso\/gracias\/"},"modified":"2022-11-22T12:59:23","modified_gmt":"2022-11-22T12:59:23","slug":"gracias","status":"publish","type":"page","link":"https:\/\/oscarberman.es\/en\/recurso\/gracias\/","title":{"rendered":"Gracias"},"content":{"rendered":"<div data-elementor-type=\"wp-page\" data-elementor-id=\"27\" class=\"elementor elementor-27\" data-elementor-post-type=\"page\">\n\t\t\t\t\t\t<section class=\"elementor-section elementor-top-section elementor-element elementor-element-0ffa9ca elementor-section-height-full elementor-section-content-middle elementor-section-boxed elementor-section-height-default elementor-section-items-middle e-parent\" data-id=\"0ffa9ca\" data-element_type=\"section\" data-settings=\"{&quot;background_background&quot;:&quot;classic&quot;}\">\n\t\t\t\t\t\t<div class=\"elementor-container elementor-column-gap-no\">\n\t\t\t\t\t<div class=\"elementor-column elementor-col-100 elementor-top-column elementor-element elementor-element-b3bbb6d lakit-col-width-auto-no\" data-id=\"b3bbb6d\" data-element_type=\"column\">\n\t\t\t<div class=\"elementor-widget-wrap elementor-element-populated\">\n\t\t\t\t\t\t<div class=\"elementor-element elementor-element-9629ca9 elementor-widget elementor-widget-heading\" data-id=\"9629ca9\" data-element_type=\"widget\" data-widget_type=\"heading.default\">\n\t\t\t\t<div class=\"elementor-widget-container\">\n\t\t\t\t\t<h2 class=\"elementor-heading-title elementor-size-default\">A\u00f1ade aqu\u00ed tu texto de cabecera<\/h2>\t\t\t\t<\/div>\n\t\t\t\t<\/div>\n\t\t\t\t<div class=\"elementor-element elementor-element-4bcf4b2 elementor-mobile-align-center elementor-align-center elementor-widget elementor-widget-button\" data-id=\"4bcf4b2\" data-element_type=\"widget\" data-widget_type=\"button.default\">\n\t\t\t\t<div class=\"elementor-widget-container\">\n\t\t\t\t\t\t\t\t\t<div class=\"elementor-button-wrapper\">\n\t\t\t\t\t<a class=\"elementor-button elementor-button-link elementor-size-sm\" href=\"#\">\n\t\t\t\t\t\t<span class=\"elementor-button-content-wrapper\">\n\t\t\t\t\t\t\t\t\t<span class=\"elementor-button-text\">Haz clic aqu\u00ed<\/span>\n\t\t\t\t\t<\/span>\n\t\t\t\t\t<\/a>\n\t\t\t\t<\/div>\n\t\t\t\t\t\t\t\t<\/div>\n\t\t\t\t<\/div>\n\t\t\t\t\t<\/div>\n\t\t<\/div>\n\t\t\t\t\t<\/div>\n\t\t<\/section>\n\t\t\t\t<\/div>","protected":false},"excerpt":{"rendered":"<p>A\u00f1ade aqu\u00ed tu texto de cabecera Haz clic aqu\u00ed<\/p>","protected":false},"author":2,"featured_media":0,"parent":26,"menu_order":1,"comment_status":"closed","ping_status":"closed","template":"","meta":{"content-type":"","footnotes":""},"class_list":["post-27","page","type-page","status-publish","hentry"],"yoast_head":"<!-- This site is optimized with the Yoast SEO plugin v26.6 - https:\/\/yoast.com\/wordpress\/plugins\/seo\/ -->\n<title>Gracias - \u00d3scar Berm\u00e1n<\/title>\n<meta name=\"description\" content=\"A\u00f1ade aqu\u00ed tu texto de cabecera       Haz clic aqu\u00ed\" \/>\n<meta name=\"robots\" content=\"index, follow, max-snippet:-1, max-image-preview:large, max-video-preview:-1\" \/>\n<link rel=\"canonical\" href=\"https:\/\/oscarberman.es\/en\/recurso\/gracias\/\" \/>\n<meta property=\"og:locale\" content=\"en_GB\" \/>\n<meta property=\"og:type\" content=\"article\" \/>\n<meta property=\"og:title\" content=\"Gracias - \u00d3scar Berm\u00e1n\" \/>\n<meta property=\"og:description\" content=\"A\u00f1ade aqu\u00ed tu texto de cabecera       Haz clic aqu\u00ed\" \/>\n<meta property=\"og:url\" content=\"https:\/\/oscarberman.es\/en\/recurso\/gracias\/\" \/>\n<meta property=\"og:site_name\" content=\"\u00d3scar Berm\u00e1n\" \/>\n<meta property=\"article:modified_time\" content=\"2022-11-22T12:59:23+00:00\" \/>\n<meta property=\"og:image\" content=\"https:\/\/oscarberman.es\/wp-content\/uploads\/2022\/11\/LOGOTIPO-BERMAN-2.jpg\" \/>\n\t<meta property=\"og:image:width\" content=\"599\" \/>\n\t<meta property=\"og:image:height\" content=\"211\" \/>\n\t<meta property=\"og:image:type\" content=\"image\/jpeg\" \/>\n<meta name=\"twitter:card\" content=\"summary_large_image\" \/>\n<script type=\"application\/ld+json\" class=\"yoast-schema-graph\">{\"@context\":\"https:\/\/schema.org\",\"@graph\":[{\"@type\":\"WebPage\",\"@id\":\"https:\/\/oscarberman.es\/recurso\/gracias\/\",\"url\":\"https:\/\/oscarberman.es\/recurso\/gracias\/\",\"name\":\"Gracias - \u00d3scar Berm\u00e1n\",\"isPartOf\":{\"@id\":\"https:\/\/oscarberman.es\/#website\"},\"datePublished\":\"2022-11-21T22:24:29+00:00\",\"dateModified\":\"2022-11-22T12:59:23+00:00\",\"description\":\"A\u00f1ade aqu\u00ed tu texto de cabecera Haz clic aqu\u00ed\",\"breadcrumb\":{\"@id\":\"https:\/\/oscarberman.es\/recurso\/gracias\/#breadcrumb\"},\"inLanguage\":\"en-GB\",\"potentialAction\":[{\"@type\":\"ReadAction\",\"target\":[\"https:\/\/oscarberman.es\/recurso\/gracias\/\"]}]},{\"@type\":\"BreadcrumbList\",\"@id\":\"https:\/\/oscarberman.es\/recurso\/gracias\/#breadcrumb\",\"itemListElement\":[{\"@type\":\"ListItem\",\"position\":1,\"name\":\"Recurso\",\"item\":\"https:\/\/oscarberman.es\/recurso\/\"},{\"@type\":\"ListItem\",\"position\":2,\"name\":\"Gracias\"}]},{\"@type\":\"WebSite\",\"@id\":\"https:\/\/oscarberman.es\/#website\",\"url\":\"https:\/\/oscarberman.es\/\",\"name\":\"\u00d3scar Berm\u00e1n\",\"description\":\"Gabinete Judicial Berm\u00e1n\",\"publisher\":{\"@id\":\"https:\/\/oscarberman.es\/#organization\"},\"potentialAction\":[{\"@type\":\"SearchAction\",\"target\":{\"@type\":\"EntryPoint\",\"urlTemplate\":\"https:\/\/oscarberman.es\/?s={search_term_string}\"},\"query-input\":{\"@type\":\"PropertyValueSpecification\",\"valueRequired\":true,\"valueName\":\"search_term_string\"}}],\"inLanguage\":\"en-GB\"},{\"@type\":\"Organization\",\"@id\":\"https:\/\/oscarberman.es\/#organization\",\"name\":\"\u00d3scar Berm\u00e1n\",\"url\":\"https:\/\/oscarberman.es\/\",\"logo\":{\"@type\":\"ImageObject\",\"inLanguage\":\"en-GB\",\"@id\":\"https:\/\/oscarberman.es\/#\/schema\/logo\/image\/\",\"url\":\"https:\/\/oscarberman.es\/wp-content\/uploads\/2022\/11\/LOGOTIPO-BERMAN-2.jpg\",\"contentUrl\":\"https:\/\/oscarberman.es\/wp-content\/uploads\/2022\/11\/LOGOTIPO-BERMAN-2.jpg\",\"width\":599,\"height\":211,\"caption\":\"\u00d3scar Berm\u00e1n\"},\"image\":{\"@id\":\"https:\/\/oscarberman.es\/#\/schema\/logo\/image\/\"}}]}<\/script>\n<!-- \/ Yoast SEO plugin. -->","yoast_head_json":{"title":"Gracias - \u00d3scar Berm\u00e1n","description":"A\u00f1ade aqu\u00ed tu texto de cabecera       Haz clic aqu\u00ed","robots":{"index":"index","follow":"follow","max-snippet":"max-snippet:-1","max-image-preview":"max-image-preview:large","max-video-preview":"max-video-preview:-1"},"canonical":"https:\/\/oscarberman.es\/en\/recurso\/gracias\/","og_locale":"en_GB","og_type":"article","og_title":"Gracias - \u00d3scar Berm\u00e1n","og_description":"A\u00f1ade aqu\u00ed tu texto de cabecera       Haz clic aqu\u00ed","og_url":"https:\/\/oscarberman.es\/en\/recurso\/gracias\/","og_site_name":"\u00d3scar Berm\u00e1n","article_modified_time":"2022-11-22T12:59:23+00:00","og_image":[{"width":599,"height":211,"url":"https:\/\/oscarberman.es\/wp-content\/uploads\/2022\/11\/LOGOTIPO-BERMAN-2.jpg","type":"image\/jpeg"}],"twitter_card":"summary_large_image","schema":{"@context":"https:\/\/schema.org","@graph":[{"@type":"WebPage","@id":"https:\/\/oscarberman.es\/recurso\/gracias\/","url":"https:\/\/oscarberman.es\/recurso\/gracias\/","name":"Gracias - \u00d3scar Berm\u00e1n","isPartOf":{"@id":"https:\/\/oscarberman.es\/#website"},"datePublished":"2022-11-21T22:24:29+00:00","dateModified":"2022-11-22T12:59:23+00:00","description":"A\u00f1ade aqu\u00ed tu texto de cabecera Haz clic aqu\u00ed","breadcrumb":{"@id":"https:\/\/oscarberman.es\/recurso\/gracias\/#breadcrumb"},"inLanguage":"en-GB","potentialAction":[{"@type":"ReadAction","target":["https:\/\/oscarberman.es\/recurso\/gracias\/"]}]},{"@type":"BreadcrumbList","@id":"https:\/\/oscarberman.es\/recurso\/gracias\/#breadcrumb","itemListElement":[{"@type":"ListItem","position":1,"name":"Recurso","item":"https:\/\/oscarberman.es\/recurso\/"},{"@type":"ListItem","position":2,"name":"Gracias"}]},{"@type":"WebSite","@id":"https:\/\/oscarberman.es\/#website","url":"https:\/\/oscarberman.es\/","name":"\u00d3scar Berm\u00e1n","description":"Gabinete Judicial Berm\u00e1n","publisher":{"@id":"https:\/\/oscarberman.es\/#organization"},"potentialAction":[{"@type":"SearchAction","target":{"@type":"EntryPoint","urlTemplate":"https:\/\/oscarberman.es\/?s={search_term_string}"},"query-input":{"@type":"PropertyValueSpecification","valueRequired":true,"valueName":"search_term_string"}}],"inLanguage":"en-GB"},{"@type":"Organization","@id":"https:\/\/oscarberman.es\/#organization","name":"\u00d3scar Berm\u00e1n","url":"https:\/\/oscarberman.es\/","logo":{"@type":"ImageObject","inLanguage":"en-GB","@id":"https:\/\/oscarberman.es\/#\/schema\/logo\/image\/","url":"https:\/\/oscarberman.es\/wp-content\/uploads\/2022\/11\/LOGOTIPO-BERMAN-2.jpg","contentUrl":"https:\/\/oscarberman.es\/wp-content\/uploads\/2022\/11\/LOGOTIPO-BERMAN-2.jpg","width":599,"height":211,"caption":"\u00d3scar Berm\u00e1n"},"image":{"@id":"https:\/\/oscarberman.es\/#\/schema\/logo\/image\/"}}]}},"_links":{"self":[{"href":"https:\/\/oscarberman.es\/en\/wp-json\/wp\/v2\/pages\/27","targetHints":{"allow":["GET"]}}],"collection":[{"href":"https:\/\/oscarberman.es\/en\/wp-json\/wp\/v2\/pages"}],"about":[{"href":"https:\/\/oscarberman.es\/en\/wp-json\/wp\/v2\/types\/page"}],"author":[{"embeddable":true,"href":"https:\/\/oscarberman.es\/en\/wp-json\/wp\/v2\/users\/2"}],"replies":[{"embeddable":true,"href":"https:\/\/oscarberman.es\/en\/wp-json\/wp\/v2\/comments?post=27"}],"version-history":[{"count":15,"href":"https:\/\/oscarberman.es\/en\/wp-json\/wp\/v2\/pages\/27\/revisions"}],"predecessor-version":[{"id":207,"href":"https:\/\/oscarberman.es\/en\/wp-json\/wp\/v2\/pages\/27\/revisions\/207"}],"up":[{"embeddable":true,"href":"https:\/\/oscarberman.es\/en\/wp-json\/wp\/v2\/pages\/26"}],"wp:attachment":[{"href":"https:\/\/oscarberman.es\/en\/wp-json\/wp\/v2\/media?parent=27"}],"curies":[{"name":"wp","href":"https:\/\/api.w.org\/{rel}","templated":true}]}}