{"id":1206,"date":"2024-08-13T15:55:30","date_gmt":"2024-08-13T14:55:30","guid":{"rendered":"https:\/\/oscarberman.es\/?page_id=1206"},"modified":"2024-10-15T10:25:26","modified_gmt":"2024-10-15T09:25:26","slug":"distinciones","status":"publish","type":"page","link":"https:\/\/oscarberman.es\/en\/distinciones\/","title":{"rendered":"Distinciones"},"content":{"rendered":"<div data-elementor-type=\"wp-page\" data-elementor-id=\"1206\" class=\"elementor elementor-1206\" data-elementor-post-type=\"page\">\n\t\t\t\t\t\t<section class=\"elementor-section elementor-top-section elementor-element elementor-element-4a02ab1 elementor-section-height-min-height elementor-section-boxed elementor-section-height-default elementor-section-items-middle e-parent\" data-id=\"4a02ab1\" data-element_type=\"section\" data-settings=\"{&quot;background_background&quot;:&quot;gradient&quot;}\">\n\t\t\t\t\t\t\t<div class=\"elementor-background-overlay\"><\/div>\n\t\t\t\t\t\t\t<div class=\"elementor-container elementor-column-gap-default\">\n\t\t\t\t\t<div class=\"elementor-column elementor-col-100 elementor-top-column elementor-element elementor-element-760f836 lakit-col-width-auto-no\" data-id=\"760f836\" data-element_type=\"column\">\n\t\t\t<div class=\"elementor-widget-wrap elementor-element-populated\">\n\t\t\t\t\t\t<div class=\"elementor-element elementor-element-71a9069 elementor-widget elementor-widget-heading\" data-id=\"71a9069\" data-element_type=\"widget\" data-widget_type=\"heading.default\">\n\t\t\t\t<div class=\"elementor-widget-container\">\n\t\t\t\t\t<h1 class=\"elementor-heading-title elementor-size-default\">Distinciones<\/h1>\t\t\t\t<\/div>\n\t\t\t\t<\/div>\n\t\t\t\t\t<\/div>\n\t\t<\/div>\n\t\t\t\t\t<\/div>\n\t\t<\/section>\n\t\t\t\t<section class=\"elementor-section elementor-top-section elementor-element elementor-element-97141ae elementor-section-boxed elementor-section-height-default elementor-section-height-default e-parent\" data-id=\"97141ae\" data-element_type=\"section\">\n\t\t\t\t\t\t<div class=\"elementor-container elementor-column-gap-default\">\n\t\t\t\t\t<div class=\"elementor-column elementor-col-100 elementor-top-column elementor-element elementor-element-6c4d47c lakit-col-width-auto-no\" data-id=\"6c4d47c\" data-element_type=\"column\">\n\t\t\t<div class=\"elementor-widget-wrap elementor-element-populated\">\n\t\t\t\t\t\t<div class=\"elementor-element elementor-element-505942e elementor-widget elementor-widget-gallery\" data-id=\"505942e\" data-element_type=\"widget\" data-settings=\"{&quot;gap&quot;:{&quot;unit&quot;:&quot;px&quot;,&quot;size&quot;:100,&quot;sizes&quot;:[]},&quot;gallery_layout&quot;:&quot;justified&quot;,&quot;lazyload&quot;:&quot;yes&quot;,&quot;ideal_row_height&quot;:{&quot;unit&quot;:&quot;px&quot;,&quot;size&quot;:200,&quot;sizes&quot;:[]},&quot;ideal_row_height_tablet&quot;:{&quot;unit&quot;:&quot;px&quot;,&quot;size&quot;:150,&quot;sizes&quot;:[]},&quot;ideal_row_height_mobile&quot;:{&quot;unit&quot;:&quot;px&quot;,&quot;size&quot;:150,&quot;sizes&quot;:[]},&quot;gap_tablet&quot;:{&quot;unit&quot;:&quot;px&quot;,&quot;size&quot;:10,&quot;sizes&quot;:[]},&quot;gap_mobile&quot;:{&quot;unit&quot;:&quot;px&quot;,&quot;size&quot;:10,&quot;sizes&quot;:[]},&quot;link_to&quot;:&quot;file&quot;,&quot;overlay_background&quot;:&quot;yes&quot;,&quot;content_hover_animation&quot;:&quot;fade-in&quot;}\" data-widget_type=\"gallery.default\">\n\t\t\t\t<div class=\"elementor-widget-container\">\n\t\t\t\t\t\t\t<div class=\"elementor-gallery__container\">\n\t\t\t\t\t\t\t<a class=\"e-gallery-item elementor-gallery-item elementor-animated-content\" href=\"https:\/\/oscarberman.es\/wp-content\/uploads\/2024\/08\/5938142215341719783-1.webp\" data-elementor-open-lightbox=\"yes\" data-elementor-lightbox-slideshow=\"505942e\" data-elementor-lightbox-title=\"5938142215341719783\" data-e-action-hash=\"#elementor-action%3Aaction%3Dlightbox%26settings%3DeyJpZCI6MTQwMSwidXJsIjoiaHR0cHM6XC9cL29zY2FyYmVybWFuLmVzXC93cC1jb250ZW50XC91cGxvYWRzXC8yMDI0XC8wOFwvNTkzODE0MjIxNTM0MTcxOTc4My0xLndlYnAiLCJzbGlkZXNob3ciOiI1MDU5NDJlIn0%3D\">\n\t\t\t\t\t<div class=\"e-gallery-image elementor-gallery-item__image\" data-thumbnail=\"https:\/\/oscarberman.es\/wp-content\/uploads\/2024\/08\/5938142215341719783-1.webp\" data-width=\"787\" data-height=\"456\" aria-label=\"\" role=\"img\" ><\/div>\n\t\t\t\t\t\t\t\t\t\t\t<div class=\"elementor-gallery-item__overlay\"><\/div>\n\t\t\t\t\t\t\t\t\t\t\t\t\t\t<\/a>\n\t\t\t\t\t\t\t<a class=\"e-gallery-item elementor-gallery-item elementor-animated-content\" href=\"https:\/\/oscarberman.es\/wp-content\/uploads\/2024\/08\/PHOTO-2024-07-20-19-15-33.jpg\" data-elementor-open-lightbox=\"yes\" data-elementor-lightbox-slideshow=\"505942e\" data-elementor-lightbox-title=\"PHOTO-2024-07-20-19-15-33\" data-e-action-hash=\"#elementor-action%3Aaction%3Dlightbox%26settings%3DeyJpZCI6OTEwLCJ1cmwiOiJodHRwczpcL1wvb3NjYXJiZXJtYW4uZXNcL3dwLWNvbnRlbnRcL3VwbG9hZHNcLzIwMjRcLzA4XC9QSE9UTy0yMDI0LTA3LTIwLTE5LTE1LTMzLmpwZyIsInNsaWRlc2hvdyI6IjUwNTk0MmUifQ%3D%3D\">\n\t\t\t\t\t<div class=\"e-gallery-image elementor-gallery-item__image\" data-thumbnail=\"https:\/\/oscarberman.es\/wp-content\/uploads\/2024\/08\/PHOTO-2024-07-20-19-15-33.jpg\" data-width=\"787\" data-height=\"455\" aria-label=\"\" role=\"img\" ><\/div>\n\t\t\t\t\t\t\t\t\t\t\t<div class=\"elementor-gallery-item__overlay\"><\/div>\n\t\t\t\t\t\t\t\t\t\t\t\t\t\t<\/a>\n\t\t\t\t\t\t\t<a class=\"e-gallery-item elementor-gallery-item elementor-animated-content\" href=\"https:\/\/oscarberman.es\/wp-content\/uploads\/2024\/08\/PHOTO-2024-07-20-19-15-43.jpg\" data-elementor-open-lightbox=\"yes\" data-elementor-lightbox-slideshow=\"505942e\" data-elementor-lightbox-title=\"PHOTO-2024-07-20-19-15-43\" data-e-action-hash=\"#elementor-action%3Aaction%3Dlightbox%26settings%3DeyJpZCI6OTEzLCJ1cmwiOiJodHRwczpcL1wvb3NjYXJiZXJtYW4uZXNcL3dwLWNvbnRlbnRcL3VwbG9hZHNcLzIwMjRcLzA4XC9QSE9UTy0yMDI0LTA3LTIwLTE5LTE1LTQzLmpwZyIsInNsaWRlc2hvdyI6IjUwNTk0MmUifQ%3D%3D\">\n\t\t\t\t\t<div class=\"e-gallery-image elementor-gallery-item__image\" data-thumbnail=\"https:\/\/oscarberman.es\/wp-content\/uploads\/2024\/08\/PHOTO-2024-07-20-19-15-43.jpg\" data-width=\"789\" data-height=\"455\" aria-label=\"\" role=\"img\" ><\/div>\n\t\t\t\t\t\t\t\t\t\t\t<div class=\"elementor-gallery-item__overlay\"><\/div>\n\t\t\t\t\t\t\t\t\t\t\t\t\t\t<\/a>\n\t\t\t\t\t\t\t<a class=\"e-gallery-item elementor-gallery-item elementor-animated-content\" href=\"https:\/\/oscarberman.es\/wp-content\/uploads\/2024\/08\/PHOTO-2024-07-20-19-15-40.jpg\" data-elementor-open-lightbox=\"yes\" data-elementor-lightbox-slideshow=\"505942e\" data-elementor-lightbox-title=\"PHOTO-2024-07-20-19-15-40\" data-e-action-hash=\"#elementor-action%3Aaction%3Dlightbox%26settings%3DeyJpZCI6OTEyLCJ1cmwiOiJodHRwczpcL1wvb3NjYXJiZXJtYW4uZXNcL3dwLWNvbnRlbnRcL3VwbG9hZHNcLzIwMjRcLzA4XC9QSE9UTy0yMDI0LTA3LTIwLTE5LTE1LTQwLmpwZyIsInNsaWRlc2hvdyI6IjUwNTk0MmUifQ%3D%3D\">\n\t\t\t\t\t<div class=\"e-gallery-image elementor-gallery-item__image\" data-thumbnail=\"https:\/\/oscarberman.es\/wp-content\/uploads\/2024\/08\/PHOTO-2024-07-20-19-15-40.jpg\" data-width=\"787\" data-height=\"455\" aria-label=\"\" role=\"img\" ><\/div>\n\t\t\t\t\t\t\t\t\t\t\t<div class=\"elementor-gallery-item__overlay\"><\/div>\n\t\t\t\t\t\t\t\t\t\t\t\t\t\t<\/a>\n\t\t\t\t\t\t\t<a class=\"e-gallery-item elementor-gallery-item elementor-animated-content\" href=\"https:\/\/oscarberman.es\/wp-content\/uploads\/2024\/08\/PHOTO-2024-07-20-19-15-50.jpg\" data-elementor-open-lightbox=\"yes\" data-elementor-lightbox-slideshow=\"505942e\" data-elementor-lightbox-title=\"PHOTO-2024-07-20-19-15-50\" data-e-action-hash=\"#elementor-action%3Aaction%3Dlightbox%26settings%3DeyJpZCI6OTE0LCJ1cmwiOiJodHRwczpcL1wvb3NjYXJiZXJtYW4uZXNcL3dwLWNvbnRlbnRcL3VwbG9hZHNcLzIwMjRcLzA4XC9QSE9UTy0yMDI0LTA3LTIwLTE5LTE1LTUwLmpwZyIsInNsaWRlc2hvdyI6IjUwNTk0MmUifQ%3D%3D\">\n\t\t\t\t\t<div class=\"e-gallery-image elementor-gallery-item__image\" data-thumbnail=\"https:\/\/oscarberman.es\/wp-content\/uploads\/2024\/08\/PHOTO-2024-07-20-19-15-50.jpg\" data-width=\"787\" data-height=\"455\" aria-label=\"\" role=\"img\" ><\/div>\n\t\t\t\t\t\t\t\t\t\t\t<div class=\"elementor-gallery-item__overlay\"><\/div>\n\t\t\t\t\t\t\t\t\t\t\t\t\t\t<\/a>\n\t\t\t\t\t\t\t<a class=\"e-gallery-item elementor-gallery-item elementor-animated-content\" href=\"https:\/\/oscarberman.es\/wp-content\/uploads\/2024\/10\/Diseno-sin-titulo.webp\" data-elementor-open-lightbox=\"yes\" data-elementor-lightbox-slideshow=\"505942e\" data-elementor-lightbox-title=\"Disen\u0303o sin ti\u0301tulo\" data-e-action-hash=\"#elementor-action%3Aaction%3Dlightbox%26settings%3DeyJpZCI6MTgxMSwidXJsIjoiaHR0cHM6XC9cL29zY2FyYmVybWFuLmVzXC93cC1jb250ZW50XC91cGxvYWRzXC8yMDI0XC8xMFwvRGlzZW5vLXNpbi10aXR1bG8ud2VicCIsInNsaWRlc2hvdyI6IjUwNTk0MmUifQ%3D%3D\">\n\t\t\t\t\t<div class=\"e-gallery-image elementor-gallery-item__image\" data-thumbnail=\"https:\/\/oscarberman.es\/wp-content\/uploads\/2024\/10\/Diseno-sin-titulo.webp\" data-width=\"787\" data-height=\"455\" aria-label=\"\" role=\"img\" ><\/div>\n\t\t\t\t\t\t\t\t\t\t\t<div class=\"elementor-gallery-item__overlay\"><\/div>\n\t\t\t\t\t\t\t\t\t\t\t\t\t\t<\/a>\n\t\t\t\t\t\t\t<a class=\"e-gallery-item elementor-gallery-item elementor-animated-content\" href=\"https:\/\/oscarberman.es\/wp-content\/uploads\/2024\/10\/Diseno-sin-titulo.webp\" data-elementor-open-lightbox=\"yes\" data-elementor-lightbox-slideshow=\"505942e\" data-elementor-lightbox-title=\"Disen\u0303o sin ti\u0301tulo\" data-e-action-hash=\"#elementor-action%3Aaction%3Dlightbox%26settings%3DeyJpZCI6MTgxNSwidXJsIjoiaHR0cHM6XC9cL29zY2FyYmVybWFuLmVzXC93cC1jb250ZW50XC91cGxvYWRzXC8yMDI0XC8xMFwvRGlzZW5vLXNpbi10aXR1bG8ud2VicCIsInNsaWRlc2hvdyI6IjUwNTk0MmUifQ%3D%3D\">\n\t\t\t\t\t<div class=\"e-gallery-image elementor-gallery-item__image\" data-thumbnail=\"https:\/\/oscarberman.es\/wp-content\/uploads\/2024\/10\/Diseno-sin-titulo.webp\" data-width=\"787\" data-height=\"455\" aria-label=\"\" role=\"img\" ><\/div>\n\t\t\t\t\t\t\t\t\t\t\t<div class=\"elementor-gallery-item__overlay\"><\/div>\n\t\t\t\t\t\t\t\t\t\t\t\t\t\t<\/a>\n\t\t\t\t\t<\/div>\n\t\t\t\t\t<\/div>\n\t\t\t\t<\/div>\n\t\t\t\t\t<\/div>\n\t\t<\/div>\n\t\t\t\t\t<\/div>\n\t\t<\/section>\n\t\t\t\t<\/div>","protected":false},"excerpt":{"rendered":"<p>Distinciones<\/p>","protected":false},"author":5,"featured_media":0,"parent":0,"menu_order":0,"comment_status":"closed","ping_status":"closed","template":"","meta":{"content-type":"","footnotes":""},"class_list":["post-1206","page","type-page","status-publish","hentry"],"yoast_head":"<!-- This site is optimized with the Yoast SEO plugin v26.6 - https:\/\/yoast.com\/wordpress\/plugins\/seo\/ -->\n<title>Distinciones - \u00d3scar Berm\u00e1n<\/title>\n<meta name=\"description\" content=\"Distinciones\" \/>\n<meta name=\"robots\" content=\"index, follow, max-snippet:-1, max-image-preview:large, max-video-preview:-1\" \/>\n<link rel=\"canonical\" href=\"https:\/\/oscarberman.es\/en\/distinciones\/\" \/>\n<meta property=\"og:locale\" content=\"en_GB\" \/>\n<meta property=\"og:type\" content=\"article\" \/>\n<meta property=\"og:title\" content=\"Distinciones - \u00d3scar Berm\u00e1n\" \/>\n<meta property=\"og:description\" content=\"Distinciones\" \/>\n<meta property=\"og:url\" content=\"https:\/\/oscarberman.es\/en\/distinciones\/\" \/>\n<meta property=\"og:site_name\" content=\"\u00d3scar Berm\u00e1n\" \/>\n<meta property=\"article:modified_time\" content=\"2024-10-15T09:25:26+00:00\" \/>\n<meta property=\"og:image\" content=\"https:\/\/oscarberman.es\/wp-content\/uploads\/2022\/11\/LOGOTIPO-BERMAN-2.jpg\" \/>\n\t<meta property=\"og:image:width\" content=\"599\" \/>\n\t<meta property=\"og:image:height\" content=\"211\" \/>\n\t<meta property=\"og:image:type\" content=\"image\/jpeg\" \/>\n<meta name=\"twitter:card\" content=\"summary_large_image\" \/>\n<script type=\"application\/ld+json\" class=\"yoast-schema-graph\">{\"@context\":\"https:\/\/schema.org\",\"@graph\":[{\"@type\":\"WebPage\",\"@id\":\"https:\/\/oscarberman.es\/distinciones\/\",\"url\":\"https:\/\/oscarberman.es\/distinciones\/\",\"name\":\"Distinciones - \u00d3scar Berm\u00e1n\",\"isPartOf\":{\"@id\":\"https:\/\/oscarberman.es\/#website\"},\"datePublished\":\"2024-08-13T14:55:30+00:00\",\"dateModified\":\"2024-10-15T09:25:26+00:00\",\"description\":\"Distinciones\",\"inLanguage\":\"en-GB\",\"potentialAction\":[{\"@type\":\"ReadAction\",\"target\":[\"https:\/\/oscarberman.es\/distinciones\/\"]}]},{\"@type\":\"WebSite\",\"@id\":\"https:\/\/oscarberman.es\/#website\",\"url\":\"https:\/\/oscarberman.es\/\",\"name\":\"\u00d3scar Berm\u00e1n\",\"description\":\"Gabinete Judicial Berm\u00e1n\",\"publisher\":{\"@id\":\"https:\/\/oscarberman.es\/#organization\"},\"potentialAction\":[{\"@type\":\"SearchAction\",\"target\":{\"@type\":\"EntryPoint\",\"urlTemplate\":\"https:\/\/oscarberman.es\/?s={search_term_string}\"},\"query-input\":{\"@type\":\"PropertyValueSpecification\",\"valueRequired\":true,\"valueName\":\"search_term_string\"}}],\"inLanguage\":\"en-GB\"},{\"@type\":\"Organization\",\"@id\":\"https:\/\/oscarberman.es\/#organization\",\"name\":\"\u00d3scar Berm\u00e1n\",\"url\":\"https:\/\/oscarberman.es\/\",\"logo\":{\"@type\":\"ImageObject\",\"inLanguage\":\"en-GB\",\"@id\":\"https:\/\/oscarberman.es\/#\/schema\/logo\/image\/\",\"url\":\"https:\/\/oscarberman.es\/wp-content\/uploads\/2022\/11\/LOGOTIPO-BERMAN-2.jpg\",\"contentUrl\":\"https:\/\/oscarberman.es\/wp-content\/uploads\/2022\/11\/LOGOTIPO-BERMAN-2.jpg\",\"width\":599,\"height\":211,\"caption\":\"\u00d3scar Berm\u00e1n\"},\"image\":{\"@id\":\"https:\/\/oscarberman.es\/#\/schema\/logo\/image\/\"}}]}<\/script>\n<!-- \/ Yoast SEO plugin. -->","yoast_head_json":{"title":"Distinciones - \u00d3scar Berm\u00e1n","description":"Distinciones","robots":{"index":"index","follow":"follow","max-snippet":"max-snippet:-1","max-image-preview":"max-image-preview:large","max-video-preview":"max-video-preview:-1"},"canonical":"https:\/\/oscarberman.es\/en\/distinciones\/","og_locale":"en_GB","og_type":"article","og_title":"Distinciones - \u00d3scar Berm\u00e1n","og_description":"Distinciones","og_url":"https:\/\/oscarberman.es\/en\/distinciones\/","og_site_name":"\u00d3scar Berm\u00e1n","article_modified_time":"2024-10-15T09:25:26+00:00","og_image":[{"width":599,"height":211,"url":"https:\/\/oscarberman.es\/wp-content\/uploads\/2022\/11\/LOGOTIPO-BERMAN-2.jpg","type":"image\/jpeg"}],"twitter_card":"summary_large_image","schema":{"@context":"https:\/\/schema.org","@graph":[{"@type":"WebPage","@id":"https:\/\/oscarberman.es\/distinciones\/","url":"https:\/\/oscarberman.es\/distinciones\/","name":"Distinciones - \u00d3scar Berm\u00e1n","isPartOf":{"@id":"https:\/\/oscarberman.es\/#website"},"datePublished":"2024-08-13T14:55:30+00:00","dateModified":"2024-10-15T09:25:26+00:00","description":"Distinciones","inLanguage":"en-GB","potentialAction":[{"@type":"ReadAction","target":["https:\/\/oscarberman.es\/distinciones\/"]}]},{"@type":"WebSite","@id":"https:\/\/oscarberman.es\/#website","url":"https:\/\/oscarberman.es\/","name":"\u00d3scar Berm\u00e1n","description":"Gabinete Judicial Berm\u00e1n","publisher":{"@id":"https:\/\/oscarberman.es\/#organization"},"potentialAction":[{"@type":"SearchAction","target":{"@type":"EntryPoint","urlTemplate":"https:\/\/oscarberman.es\/?s={search_term_string}"},"query-input":{"@type":"PropertyValueSpecification","valueRequired":true,"valueName":"search_term_string"}}],"inLanguage":"en-GB"},{"@type":"Organization","@id":"https:\/\/oscarberman.es\/#organization","name":"\u00d3scar Berm\u00e1n","url":"https:\/\/oscarberman.es\/","logo":{"@type":"ImageObject","inLanguage":"en-GB","@id":"https:\/\/oscarberman.es\/#\/schema\/logo\/image\/","url":"https:\/\/oscarberman.es\/wp-content\/uploads\/2022\/11\/LOGOTIPO-BERMAN-2.jpg","contentUrl":"https:\/\/oscarberman.es\/wp-content\/uploads\/2022\/11\/LOGOTIPO-BERMAN-2.jpg","width":599,"height":211,"caption":"\u00d3scar Berm\u00e1n"},"image":{"@id":"https:\/\/oscarberman.es\/#\/schema\/logo\/image\/"}}]}},"_links":{"self":[{"href":"https:\/\/oscarberman.es\/en\/wp-json\/wp\/v2\/pages\/1206","targetHints":{"allow":["GET"]}}],"collection":[{"href":"https:\/\/oscarberman.es\/en\/wp-json\/wp\/v2\/pages"}],"about":[{"href":"https:\/\/oscarberman.es\/en\/wp-json\/wp\/v2\/types\/page"}],"author":[{"embeddable":true,"href":"https:\/\/oscarberman.es\/en\/wp-json\/wp\/v2\/users\/5"}],"replies":[{"embeddable":true,"href":"https:\/\/oscarberman.es\/en\/wp-json\/wp\/v2\/comments?post=1206"}],"version-history":[{"count":5,"href":"https:\/\/oscarberman.es\/en\/wp-json\/wp\/v2\/pages\/1206\/revisions"}],"predecessor-version":[{"id":1819,"href":"https:\/\/oscarberman.es\/en\/wp-json\/wp\/v2\/pages\/1206\/revisions\/1819"}],"wp:attachment":[{"href":"https:\/\/oscarberman.es\/en\/wp-json\/wp\/v2\/media?parent=1206"}],"curies":[{"name":"wp","href":"https:\/\/api.w.org\/{rel}","templated":true}]}}