{"id":821,"date":"2024-07-22T16:49:20","date_gmt":"2024-07-22T15:49:20","guid":{"rendered":"https:\/\/oscarberman.es\/?page_id=821"},"modified":"2024-08-28T15:57:17","modified_gmt":"2024-08-28T14:57:17","slug":"fotografia","status":"publish","type":"page","link":"https:\/\/oscarberman.es\/ca\/fotografia\/","title":{"rendered":"Fotograf\u00eda"},"content":{"rendered":"<div data-elementor-type=\"wp-page\" data-elementor-id=\"821\" class=\"elementor elementor-821\" data-elementor-post-type=\"page\">\n\t\t\t\t\t\t<section class=\"elementor-section elementor-top-section elementor-element elementor-element-51bf2b1 elementor-section-height-min-height elementor-section-boxed elementor-section-height-default elementor-section-items-middle e-parent\" data-id=\"51bf2b1\" data-element_type=\"section\" data-settings=\"{&quot;background_background&quot;:&quot;gradient&quot;}\">\n\t\t\t\t\t\t<div class=\"elementor-container elementor-column-gap-default\">\n\t\t\t\t\t<div class=\"elementor-column elementor-col-100 elementor-top-column elementor-element elementor-element-f9034a1 lakit-col-width-auto-no\" data-id=\"f9034a1\" data-element_type=\"column\">\n\t\t\t<div class=\"elementor-widget-wrap elementor-element-populated\">\n\t\t\t\t\t\t<div class=\"elementor-element elementor-element-df957ce elementor-widget elementor-widget-heading\" data-id=\"df957ce\" data-element_type=\"widget\" data-widget_type=\"heading.default\">\n\t\t\t\t<div class=\"elementor-widget-container\">\n\t\t\t\t\t<h1 class=\"elementor-heading-title elementor-size-default\">Fotograf\u00eda<\/h1>\t\t\t\t<\/div>\n\t\t\t\t<\/div>\n\t\t\t\t\t<\/div>\n\t\t<\/div>\n\t\t\t\t\t<\/div>\n\t\t<\/section>\n\t\t\t\t<section class=\"elementor-section elementor-top-section elementor-element elementor-element-aaced6a elementor-section-boxed elementor-section-height-default elementor-section-height-default e-parent\" data-id=\"aaced6a\" data-element_type=\"section\" data-settings=\"{&quot;background_background&quot;:&quot;classic&quot;}\">\n\t\t\t\t\t\t<div class=\"elementor-container elementor-column-gap-default\">\n\t\t\t\t\t<div class=\"elementor-column elementor-col-100 elementor-top-column elementor-element elementor-element-319a989 lakit-col-width-auto-no\" data-id=\"319a989\" data-element_type=\"column\">\n\t\t\t<div class=\"elementor-widget-wrap elementor-element-populated\">\n\t\t\t\t\t\t<div class=\"elementor-element elementor-element-0022c8c elementor-widget elementor-widget-gallery\" data-id=\"0022c8c\" data-element_type=\"widget\" data-settings=\"{&quot;gallery_layout&quot;:&quot;justified&quot;,&quot;lazyload&quot;:&quot;yes&quot;,&quot;ideal_row_height&quot;:{&quot;unit&quot;:&quot;px&quot;,&quot;size&quot;:200,&quot;sizes&quot;:[]},&quot;ideal_row_height_tablet&quot;:{&quot;unit&quot;:&quot;px&quot;,&quot;size&quot;:150,&quot;sizes&quot;:[]},&quot;ideal_row_height_mobile&quot;:{&quot;unit&quot;:&quot;px&quot;,&quot;size&quot;:150,&quot;sizes&quot;:[]},&quot;gap&quot;:{&quot;unit&quot;:&quot;px&quot;,&quot;size&quot;:10,&quot;sizes&quot;:[]},&quot;gap_tablet&quot;:{&quot;unit&quot;:&quot;px&quot;,&quot;size&quot;:10,&quot;sizes&quot;:[]},&quot;gap_mobile&quot;:{&quot;unit&quot;:&quot;px&quot;,&quot;size&quot;:10,&quot;sizes&quot;:[]},&quot;link_to&quot;:&quot;file&quot;,&quot;overlay_background&quot;:&quot;yes&quot;,&quot;content_hover_animation&quot;:&quot;fade-in&quot;}\" data-widget_type=\"gallery.default\">\n\t\t\t\t<div class=\"elementor-widget-container\">\n\t\t\t\t\t\t\t<div class=\"elementor-gallery__container\">\n\t\t\t\t\t\t\t<a class=\"e-gallery-item elementor-gallery-item elementor-animated-content\" href=\"https:\/\/oscarberman.es\/wp-content\/uploads\/2024\/07\/s8-1.jpg\" data-elementor-open-lightbox=\"no\">\n\t\t\t\t\t<div class=\"e-gallery-image elementor-gallery-item__image\" data-thumbnail=\"https:\/\/oscarberman.es\/wp-content\/uploads\/2024\/07\/s8-1.jpg\" data-width=\"1464\" data-height=\"1800\" aria-label=\"\" role=\"img\" ><\/div>\n\t\t\t\t\t\t\t\t\t\t\t<div class=\"elementor-gallery-item__overlay\"><\/div>\n\t\t\t\t\t\t\t\t\t\t\t\t\t\t<\/a>\n\t\t\t\t\t<\/div>\n\t\t\t\t\t<\/div>\n\t\t\t\t<\/div>\n\t\t\t\t\t<\/div>\n\t\t<\/div>\n\t\t\t\t\t<\/div>\n\t\t<\/section>\n\t\t\t\t<\/div>","protected":false},"excerpt":{"rendered":"<p>Fotograf\u00eda<\/p>","protected":false},"author":5,"featured_media":0,"parent":0,"menu_order":2,"comment_status":"closed","ping_status":"closed","template":"","meta":{"content-type":"","footnotes":""},"class_list":["post-821","page","type-page","status-publish","hentry"],"yoast_head":"<!-- This site is optimized with the Yoast SEO plugin v26.6 - https:\/\/yoast.com\/wordpress\/plugins\/seo\/ -->\n<title>Fotograf\u00eda - \u00d3scar Berm\u00e1n<\/title>\n<meta name=\"description\" content=\"Fotograf\u00eda\" \/>\n<meta name=\"robots\" content=\"index, follow, max-snippet:-1, max-image-preview:large, max-video-preview:-1\" \/>\n<link rel=\"canonical\" href=\"https:\/\/oscarberman.es\/ca\/fotografia\/\" \/>\n<meta property=\"og:locale\" content=\"ca_ES\" \/>\n<meta property=\"og:type\" content=\"article\" \/>\n<meta property=\"og:title\" content=\"Fotograf\u00eda - \u00d3scar Berm\u00e1n\" \/>\n<meta property=\"og:description\" content=\"Fotograf\u00eda\" \/>\n<meta property=\"og:url\" content=\"https:\/\/oscarberman.es\/ca\/fotografia\/\" \/>\n<meta property=\"og:site_name\" content=\"\u00d3scar Berm\u00e1n\" \/>\n<meta property=\"article:modified_time\" content=\"2024-08-28T14:57:17+00:00\" \/>\n<meta property=\"og:image\" content=\"https:\/\/oscarberman.es\/wp-content\/uploads\/2022\/11\/LOGOTIPO-BERMAN-2.jpg\" \/>\n\t<meta property=\"og:image:width\" content=\"599\" \/>\n\t<meta property=\"og:image:height\" content=\"211\" \/>\n\t<meta property=\"og:image:type\" content=\"image\/jpeg\" \/>\n<meta name=\"twitter:card\" content=\"summary_large_image\" \/>\n<script type=\"application\/ld+json\" class=\"yoast-schema-graph\">{\"@context\":\"https:\/\/schema.org\",\"@graph\":[{\"@type\":\"WebPage\",\"@id\":\"https:\/\/oscarberman.es\/fotografia\/\",\"url\":\"https:\/\/oscarberman.es\/fotografia\/\",\"name\":\"Fotograf\u00eda - \u00d3scar Berm\u00e1n\",\"isPartOf\":{\"@id\":\"https:\/\/oscarberman.es\/#website\"},\"datePublished\":\"2024-07-22T15:49:20+00:00\",\"dateModified\":\"2024-08-28T14:57:17+00:00\",\"description\":\"Fotograf\u00eda\",\"inLanguage\":\"ca\",\"potentialAction\":[{\"@type\":\"ReadAction\",\"target\":[\"https:\/\/oscarberman.es\/fotografia\/\"]}]},{\"@type\":\"WebSite\",\"@id\":\"https:\/\/oscarberman.es\/#website\",\"url\":\"https:\/\/oscarberman.es\/\",\"name\":\"\u00d3scar Berm\u00e1n\",\"description\":\"Gabinete Judicial Berm\u00e1n\",\"publisher\":{\"@id\":\"https:\/\/oscarberman.es\/#organization\"},\"potentialAction\":[{\"@type\":\"SearchAction\",\"target\":{\"@type\":\"EntryPoint\",\"urlTemplate\":\"https:\/\/oscarberman.es\/?s={search_term_string}\"},\"query-input\":{\"@type\":\"PropertyValueSpecification\",\"valueRequired\":true,\"valueName\":\"search_term_string\"}}],\"inLanguage\":\"ca\"},{\"@type\":\"Organization\",\"@id\":\"https:\/\/oscarberman.es\/#organization\",\"name\":\"\u00d3scar Berm\u00e1n\",\"url\":\"https:\/\/oscarberman.es\/\",\"logo\":{\"@type\":\"ImageObject\",\"inLanguage\":\"ca\",\"@id\":\"https:\/\/oscarberman.es\/#\/schema\/logo\/image\/\",\"url\":\"https:\/\/oscarberman.es\/wp-content\/uploads\/2022\/11\/LOGOTIPO-BERMAN-2.jpg\",\"contentUrl\":\"https:\/\/oscarberman.es\/wp-content\/uploads\/2022\/11\/LOGOTIPO-BERMAN-2.jpg\",\"width\":599,\"height\":211,\"caption\":\"\u00d3scar Berm\u00e1n\"},\"image\":{\"@id\":\"https:\/\/oscarberman.es\/#\/schema\/logo\/image\/\"}}]}<\/script>\n<!-- \/ Yoast SEO plugin. -->","yoast_head_json":{"title":"Fotograf\u00eda - \u00d3scar Berm\u00e1n","description":"Fotograf\u00eda","robots":{"index":"index","follow":"follow","max-snippet":"max-snippet:-1","max-image-preview":"max-image-preview:large","max-video-preview":"max-video-preview:-1"},"canonical":"https:\/\/oscarberman.es\/ca\/fotografia\/","og_locale":"ca_ES","og_type":"article","og_title":"Fotograf\u00eda - \u00d3scar Berm\u00e1n","og_description":"Fotograf\u00eda","og_url":"https:\/\/oscarberman.es\/ca\/fotografia\/","og_site_name":"\u00d3scar Berm\u00e1n","article_modified_time":"2024-08-28T14:57:17+00:00","og_image":[{"width":599,"height":211,"url":"https:\/\/oscarberman.es\/wp-content\/uploads\/2022\/11\/LOGOTIPO-BERMAN-2.jpg","type":"image\/jpeg"}],"twitter_card":"summary_large_image","schema":{"@context":"https:\/\/schema.org","@graph":[{"@type":"WebPage","@id":"https:\/\/oscarberman.es\/fotografia\/","url":"https:\/\/oscarberman.es\/fotografia\/","name":"Fotograf\u00eda - \u00d3scar Berm\u00e1n","isPartOf":{"@id":"https:\/\/oscarberman.es\/#website"},"datePublished":"2024-07-22T15:49:20+00:00","dateModified":"2024-08-28T14:57:17+00:00","description":"Fotograf\u00eda","inLanguage":"ca","potentialAction":[{"@type":"ReadAction","target":["https:\/\/oscarberman.es\/fotografia\/"]}]},{"@type":"WebSite","@id":"https:\/\/oscarberman.es\/#website","url":"https:\/\/oscarberman.es\/","name":"\u00d3scar Berm\u00e1n","description":"Gabinete Judicial Berm\u00e1n","publisher":{"@id":"https:\/\/oscarberman.es\/#organization"},"potentialAction":[{"@type":"SearchAction","target":{"@type":"EntryPoint","urlTemplate":"https:\/\/oscarberman.es\/?s={search_term_string}"},"query-input":{"@type":"PropertyValueSpecification","valueRequired":true,"valueName":"search_term_string"}}],"inLanguage":"ca"},{"@type":"Organization","@id":"https:\/\/oscarberman.es\/#organization","name":"\u00d3scar Berm\u00e1n","url":"https:\/\/oscarberman.es\/","logo":{"@type":"ImageObject","inLanguage":"ca","@id":"https:\/\/oscarberman.es\/#\/schema\/logo\/image\/","url":"https:\/\/oscarberman.es\/wp-content\/uploads\/2022\/11\/LOGOTIPO-BERMAN-2.jpg","contentUrl":"https:\/\/oscarberman.es\/wp-content\/uploads\/2022\/11\/LOGOTIPO-BERMAN-2.jpg","width":599,"height":211,"caption":"\u00d3scar Berm\u00e1n"},"image":{"@id":"https:\/\/oscarberman.es\/#\/schema\/logo\/image\/"}}]}},"_links":{"self":[{"href":"https:\/\/oscarberman.es\/ca\/wp-json\/wp\/v2\/pages\/821","targetHints":{"allow":["GET"]}}],"collection":[{"href":"https:\/\/oscarberman.es\/ca\/wp-json\/wp\/v2\/pages"}],"about":[{"href":"https:\/\/oscarberman.es\/ca\/wp-json\/wp\/v2\/types\/page"}],"author":[{"embeddable":true,"href":"https:\/\/oscarberman.es\/ca\/wp-json\/wp\/v2\/users\/5"}],"replies":[{"embeddable":true,"href":"https:\/\/oscarberman.es\/ca\/wp-json\/wp\/v2\/comments?post=821"}],"version-history":[{"count":5,"href":"https:\/\/oscarberman.es\/ca\/wp-json\/wp\/v2\/pages\/821\/revisions"}],"predecessor-version":[{"id":1471,"href":"https:\/\/oscarberman.es\/ca\/wp-json\/wp\/v2\/pages\/821\/revisions\/1471"}],"wp:attachment":[{"href":"https:\/\/oscarberman.es\/ca\/wp-json\/wp\/v2\/media?parent=821"}],"curies":[{"name":"wp","href":"https:\/\/api.w.org\/{rel}","templated":true}]}}