{"id":284,"date":"2023-02-25T18:31:10","date_gmt":"2023-02-25T18:31:10","guid":{"rendered":"https:\/\/oscarberman.es\/?page_id=284"},"modified":"2024-07-11T13:53:00","modified_gmt":"2024-07-11T12:53:00","slug":"prueba-de-pagina","status":"publish","type":"page","link":"https:\/\/oscarberman.es\/ca\/prueba-de-pagina\/","title":{"rendered":"Prueba de pagina"},"content":{"rendered":"","protected":false},"excerpt":{"rendered":"","protected":false},"author":5,"featured_media":0,"parent":0,"menu_order":2,"comment_status":"closed","ping_status":"closed","template":"","meta":{"content-type":"","footnotes":""},"class_list":["post-284","page","type-page","status-publish","hentry"],"yoast_head":"<!-- This site is optimized with the Yoast SEO plugin v26.6 - https:\/\/yoast.com\/wordpress\/plugins\/seo\/ -->\n<title>Prueba de pagina - \u00d3scar Berm\u00e1n<\/title>\n<meta name=\"robots\" content=\"index, follow, max-snippet:-1, max-image-preview:large, max-video-preview:-1\" \/>\n<link rel=\"canonical\" href=\"https:\/\/oscarberman.es\/ca\/prueba-de-pagina\/\" \/>\n<meta property=\"og:locale\" content=\"ca_ES\" \/>\n<meta property=\"og:type\" content=\"article\" \/>\n<meta property=\"og:title\" content=\"Prueba de pagina - \u00d3scar Berm\u00e1n\" \/>\n<meta property=\"og:url\" content=\"https:\/\/oscarberman.es\/ca\/prueba-de-pagina\/\" \/>\n<meta property=\"og:site_name\" content=\"\u00d3scar Berm\u00e1n\" \/>\n<meta property=\"article:modified_time\" content=\"2024-07-11T12:53:00+00:00\" \/>\n<meta property=\"og:image\" content=\"https:\/\/oscarberman.es\/wp-content\/uploads\/2022\/11\/LOGOTIPO-BERMAN-2.jpg\" \/>\n\t<meta property=\"og:image:width\" content=\"599\" \/>\n\t<meta property=\"og:image:height\" content=\"211\" \/>\n\t<meta property=\"og:image:type\" content=\"image\/jpeg\" \/>\n<meta name=\"twitter:card\" content=\"summary_large_image\" \/>\n<script type=\"application\/ld+json\" class=\"yoast-schema-graph\">{\"@context\":\"https:\/\/schema.org\",\"@graph\":[{\"@type\":\"WebPage\",\"@id\":\"https:\/\/oscarberman.es\/prueba-de-pagina\/\",\"url\":\"https:\/\/oscarberman.es\/prueba-de-pagina\/\",\"name\":\"Prueba de pagina - \u00d3scar Berm\u00e1n\",\"isPartOf\":{\"@id\":\"https:\/\/oscarberman.es\/#website\"},\"datePublished\":\"2023-02-25T18:31:10+00:00\",\"dateModified\":\"2024-07-11T12:53:00+00:00\",\"inLanguage\":\"ca\",\"potentialAction\":[{\"@type\":\"ReadAction\",\"target\":[\"https:\/\/oscarberman.es\/prueba-de-pagina\/\"]}]},{\"@type\":\"WebSite\",\"@id\":\"https:\/\/oscarberman.es\/#website\",\"url\":\"https:\/\/oscarberman.es\/\",\"name\":\"\u00d3scar Berm\u00e1n\",\"description\":\"Gabinete Judicial Berm\u00e1n\",\"publisher\":{\"@id\":\"https:\/\/oscarberman.es\/#organization\"},\"potentialAction\":[{\"@type\":\"SearchAction\",\"target\":{\"@type\":\"EntryPoint\",\"urlTemplate\":\"https:\/\/oscarberman.es\/?s={search_term_string}\"},\"query-input\":{\"@type\":\"PropertyValueSpecification\",\"valueRequired\":true,\"valueName\":\"search_term_string\"}}],\"inLanguage\":\"ca\"},{\"@type\":\"Organization\",\"@id\":\"https:\/\/oscarberman.es\/#organization\",\"name\":\"\u00d3scar Berm\u00e1n\",\"url\":\"https:\/\/oscarberman.es\/\",\"logo\":{\"@type\":\"ImageObject\",\"inLanguage\":\"ca\",\"@id\":\"https:\/\/oscarberman.es\/#\/schema\/logo\/image\/\",\"url\":\"https:\/\/oscarberman.es\/wp-content\/uploads\/2022\/11\/LOGOTIPO-BERMAN-2.jpg\",\"contentUrl\":\"https:\/\/oscarberman.es\/wp-content\/uploads\/2022\/11\/LOGOTIPO-BERMAN-2.jpg\",\"width\":599,\"height\":211,\"caption\":\"\u00d3scar Berm\u00e1n\"},\"image\":{\"@id\":\"https:\/\/oscarberman.es\/#\/schema\/logo\/image\/\"}}]}<\/script>\n<!-- \/ Yoast SEO plugin. -->","yoast_head_json":{"title":"Prueba de pagina - \u00d3scar Berm\u00e1n","robots":{"index":"index","follow":"follow","max-snippet":"max-snippet:-1","max-image-preview":"max-image-preview:large","max-video-preview":"max-video-preview:-1"},"canonical":"https:\/\/oscarberman.es\/ca\/prueba-de-pagina\/","og_locale":"ca_ES","og_type":"article","og_title":"Prueba de pagina - \u00d3scar Berm\u00e1n","og_url":"https:\/\/oscarberman.es\/ca\/prueba-de-pagina\/","og_site_name":"\u00d3scar Berm\u00e1n","article_modified_time":"2024-07-11T12:53:00+00:00","og_image":[{"width":599,"height":211,"url":"https:\/\/oscarberman.es\/wp-content\/uploads\/2022\/11\/LOGOTIPO-BERMAN-2.jpg","type":"image\/jpeg"}],"twitter_card":"summary_large_image","schema":{"@context":"https:\/\/schema.org","@graph":[{"@type":"WebPage","@id":"https:\/\/oscarberman.es\/prueba-de-pagina\/","url":"https:\/\/oscarberman.es\/prueba-de-pagina\/","name":"Prueba de pagina - \u00d3scar Berm\u00e1n","isPartOf":{"@id":"https:\/\/oscarberman.es\/#website"},"datePublished":"2023-02-25T18:31:10+00:00","dateModified":"2024-07-11T12:53:00+00:00","inLanguage":"ca","potentialAction":[{"@type":"ReadAction","target":["https:\/\/oscarberman.es\/prueba-de-pagina\/"]}]},{"@type":"WebSite","@id":"https:\/\/oscarberman.es\/#website","url":"https:\/\/oscarberman.es\/","name":"\u00d3scar Berm\u00e1n","description":"Gabinete Judicial Berm\u00e1n","publisher":{"@id":"https:\/\/oscarberman.es\/#organization"},"potentialAction":[{"@type":"SearchAction","target":{"@type":"EntryPoint","urlTemplate":"https:\/\/oscarberman.es\/?s={search_term_string}"},"query-input":{"@type":"PropertyValueSpecification","valueRequired":true,"valueName":"search_term_string"}}],"inLanguage":"ca"},{"@type":"Organization","@id":"https:\/\/oscarberman.es\/#organization","name":"\u00d3scar Berm\u00e1n","url":"https:\/\/oscarberman.es\/","logo":{"@type":"ImageObject","inLanguage":"ca","@id":"https:\/\/oscarberman.es\/#\/schema\/logo\/image\/","url":"https:\/\/oscarberman.es\/wp-content\/uploads\/2022\/11\/LOGOTIPO-BERMAN-2.jpg","contentUrl":"https:\/\/oscarberman.es\/wp-content\/uploads\/2022\/11\/LOGOTIPO-BERMAN-2.jpg","width":599,"height":211,"caption":"\u00d3scar Berm\u00e1n"},"image":{"@id":"https:\/\/oscarberman.es\/#\/schema\/logo\/image\/"}}]}},"_links":{"self":[{"href":"https:\/\/oscarberman.es\/ca\/wp-json\/wp\/v2\/pages\/284","targetHints":{"allow":["GET"]}}],"collection":[{"href":"https:\/\/oscarberman.es\/ca\/wp-json\/wp\/v2\/pages"}],"about":[{"href":"https:\/\/oscarberman.es\/ca\/wp-json\/wp\/v2\/types\/page"}],"author":[{"embeddable":true,"href":"https:\/\/oscarberman.es\/ca\/wp-json\/wp\/v2\/users\/5"}],"replies":[{"embeddable":true,"href":"https:\/\/oscarberman.es\/ca\/wp-json\/wp\/v2\/comments?post=284"}],"version-history":[{"count":2,"href":"https:\/\/oscarberman.es\/ca\/wp-json\/wp\/v2\/pages\/284\/revisions"}],"predecessor-version":[{"id":286,"href":"https:\/\/oscarberman.es\/ca\/wp-json\/wp\/v2\/pages\/284\/revisions\/286"}],"wp:attachment":[{"href":"https:\/\/oscarberman.es\/ca\/wp-json\/wp\/v2\/media?parent=284"}],"curies":[{"name":"wp","href":"https:\/\/api.w.org\/{rel}","templated":true}]}}